{"id":5432,"date":"2023-09-01T09:10:12","date_gmt":"2023-09-01T16:10:12","guid":{"rendered":"http:\/\/emergency.venturacounty.gov\/?page_id=5432"},"modified":"2025-06-25T16:37:12","modified_gmt":"2025-06-25T23:37:12","slug":"uav-operations","status":"publish","type":"page","link":"https:\/\/emergency.venturacounty.gov\/es\/uav-operations\/","title":{"rendered":"Operaciones de UAV"},"content":{"rendered":"<div data-elementor-type=\"wp-page\" data-elementor-id=\"5432\" class=\"elementor elementor-5432\" data-elementor-post-type=\"page\">\n\t\t\t\t\t\t<section class=\"elementor-section elementor-top-section elementor-element elementor-element-b66fa9e elementor-section-boxed elementor-section-height-default elementor-section-height-default\" data-id=\"b66fa9e\" data-element_type=\"section\" data-e-type=\"section\">\n\t\t\t\t\t\t<div class=\"elementor-container elementor-column-gap-default\">\n\t\t\t\t\t<div class=\"elementor-column elementor-col-66 elementor-top-column elementor-element elementor-element-1c7b010\" data-id=\"1c7b010\" data-element_type=\"column\" data-e-type=\"column\">\n\t\t\t<div class=\"elementor-widget-wrap elementor-element-populated\">\n\t\t\t\t\t\t<div class=\"elementor-element elementor-element-f19c577 elementor-widget elementor-widget-heading\" data-id=\"f19c577\" data-element_type=\"widget\" data-e-type=\"widget\" data-widget_type=\"heading.default\">\n\t\t\t\t<div class=\"elementor-widget-container\">\n\t\t\t\t\t<h2 class=\"elementor-heading-title elementor-size-default\">Operaciones de UAV<\/h2>\t\t\t\t<\/div>\n\t\t\t\t<\/div>\n\t\t\t\t<div class=\"elementor-element elementor-element-5de86b6 elementor-widget__width-initial elementor-widget elementor-widget-text-editor\" data-id=\"5de86b6\" data-element_type=\"widget\" data-e-type=\"widget\" data-widget_type=\"text-editor.default\">\n\t\t\t\t<div class=\"elementor-widget-container\">\n\t\t\t\t\t\t\t\t\t<h3>Descripci\u00f3n general del programa<\/h3><p>En los \u00faltimos a\u00f1os, la integraci\u00f3n de los drones, tambi\u00e9n conocidos como veh\u00edculos a\u00e9reos no tripulados (UAV), ha supuesto un cambio transformador en el \u00e1mbito de la gesti\u00f3n de emergencias. Estos innovadores dispositivos han surgido como herramientas indispensables para abordar de manera eficaz una amplia gama de situaciones de emergencia, desde desastres naturales hasta crisis provocadas por el hombre. En virtud de su agilidad, versatilidad y capacidad para acceder a zonas remotas o peligrosas, los drones han demostrado ser activos invaluables para mejorar la eficiencia, la velocidad y la precisi\u00f3n de las iniciativas de respuesta a emergencias. Esta tecnolog\u00eda transformadora transform\u00f3 la forma en que se aborda la gesti\u00f3n de emergencias, ofreciendo recopilaci\u00f3n de datos en tiempo real, capacidades de b\u00fasqueda y rescate, evaluaci\u00f3n de da\u00f1os y apoyo a la comunicaci\u00f3n, todo lo cual contribuye a una toma de decisiones m\u00e1s informada y, en \u00faltima instancia, a la preservaci\u00f3n de vidas y propiedades.<\/p>\t\t\t\t\t\t\t\t<\/div>\n\t\t\t\t<\/div>\n\t\t\t\t\t<\/div>\n\t\t<\/div>\n\t\t\t\t<div class=\"elementor-column elementor-col-33 elementor-top-column elementor-element elementor-element-9cef44b elementor-hidden-tablet elementor-hidden-mobile\" data-id=\"9cef44b\" data-element_type=\"column\" data-e-type=\"column\">\n\t\t\t<div class=\"elementor-widget-wrap elementor-element-populated\">\n\t\t\t\t\t\t<div class=\"elementor-element elementor-element-4af2ffa elementor-widget elementor-widget-heading\" data-id=\"4af2ffa\" data-element_type=\"widget\" data-e-type=\"widget\" data-widget_type=\"heading.default\">\n\t\t\t\t<div class=\"elementor-widget-container\">\n\t\t\t\t\t<h3 class=\"elementor-heading-title elementor-size-default\">Reg\u00edstrese para recibir VCAlert<\/h3>\t\t\t\t<\/div>\n\t\t\t\t<\/div>\n\t\t\t\t<div class=\"elementor-element elementor-element-5835871 elementor-widget elementor-widget-image\" data-id=\"5835871\" data-element_type=\"widget\" data-e-type=\"widget\" data-widget_type=\"image.default\">\n\t\t\t\t<div class=\"elementor-widget-container\">\n\t\t\t\t\t\t\t\t\t\t\t\t\t\t\t<img fetchpriority=\"high\" decoding=\"async\" width=\"700\" height=\"163\" src=\"https:\/\/emergency.venturacounty.gov\/wp-content\/smush-webp\/2024\/12\/VC-Alert-Logo-2019-700x163-1-copy.png.webp\" class=\"attachment-large size-large wp-image-6006\" alt=\"Logo of VC Alert Emergency Notification System with a smartphone icon displaying a red exclamation mark.\" srcset=\"https:\/\/emergency.venturacounty.gov\/wp-content\/smush-webp\/2024\/12\/VC-Alert-Logo-2019-700x163-1-copy.png.webp 700w, https:\/\/emergency.venturacounty.gov\/wp-content\/smush-webp\/2024\/12\/VC-Alert-Logo-2019-700x163-1-copy-300x70.png.webp 300w\" sizes=\"(max-width: 700px) 100vw, 700px\" \/>\t\t\t\t\t\t\t\t\t\t\t\t\t\t\t<\/div>\n\t\t\t\t<\/div>\n\t\t\t\t<div class=\"elementor-element elementor-element-0c7f0a3 elementor-align-justify elementor-widget elementor-widget-button\" data-id=\"0c7f0a3\" data-element_type=\"widget\" data-e-type=\"widget\" data-widget_type=\"button.default\">\n\t\t\t\t<div class=\"elementor-widget-container\">\n\t\t\t\t\t\t\t\t\t<div class=\"elementor-button-wrapper\">\n\t\t\t\t\t<a class=\"elementor-button elementor-button-link elementor-size-sm\" href=\"https:\/\/member.everbridge.net\/1772417038942453\/new\">\n\t\t\t\t\t\t<span class=\"elementor-button-content-wrapper\">\n\t\t\t\t\t\t<span class=\"elementor-button-icon\">\n\t\t\t\t<i aria-hidden=\"true\" class=\"far fa-bell\"><\/i>\t\t\t<\/span>\n\t\t\t\t\t\t\t\t\t<span class=\"elementor-button-text\">Reg\u00edstrate ahora<\/span>\n\t\t\t\t\t<\/span>\n\t\t\t\t\t<\/a>\n\t\t\t\t<\/div>\n\t\t\t\t\t\t\t\t<\/div>\n\t\t\t\t<\/div>\n\t\t\t\t<div class=\"elementor-element elementor-element-e91a2b7 elementor-widget-divider--view-line elementor-widget elementor-widget-divider\" data-id=\"e91a2b7\" data-element_type=\"widget\" data-e-type=\"widget\" data-widget_type=\"divider.default\">\n\t\t\t\t<div class=\"elementor-widget-container\">\n\t\t\t\t\t\t\t<div class=\"elementor-divider\">\n\t\t\t<span class=\"elementor-divider-separator\">\n\t\t\t\t\t\t<\/span>\n\t\t<\/div>\n\t\t\t\t\t\t<\/div>\n\t\t\t\t<\/div>\n\t\t\t\t<div class=\"elementor-element elementor-element-9394d2e elementor-widget elementor-widget-heading\" data-id=\"9394d2e\" data-element_type=\"widget\" data-e-type=\"widget\" data-widget_type=\"heading.default\">\n\t\t\t\t<div class=\"elementor-widget-container\">\n\t\t\t\t\t<h3 class=\"elementor-heading-title elementor-size-default\">Panel de control y mapa de incidentes en tiempo real<\/h3>\t\t\t\t<\/div>\n\t\t\t\t<\/div>\n\t\t\t\t<div class=\"elementor-element elementor-element-1910aec elementor-align-justify elementor-widget elementor-widget-button\" data-id=\"1910aec\" data-element_type=\"widget\" data-e-type=\"widget\" data-widget_type=\"button.default\">\n\t\t\t\t<div class=\"elementor-widget-container\">\n\t\t\t\t\t\t\t\t\t<div class=\"elementor-button-wrapper\">\n\t\t\t\t\t<a class=\"elementor-button elementor-button-link elementor-size-sm\" href=\"https:\/\/emergency.venturacounty.gov\/es\/#incident-map\">\n\t\t\t\t\t\t<span class=\"elementor-button-content-wrapper\">\n\t\t\t\t\t\t<span class=\"elementor-button-icon\">\n\t\t\t\t<i aria-hidden=\"true\" class=\"fas fa-map\"><\/i>\t\t\t<\/span>\n\t\t\t\t\t\t\t\t\t<span class=\"elementor-button-text\">Ir al mapa<\/span>\n\t\t\t\t\t<\/span>\n\t\t\t\t\t<\/a>\n\t\t\t\t<\/div>\n\t\t\t\t\t\t\t\t<\/div>\n\t\t\t\t<\/div>\n\t\t\t\t\t<\/div>\n\t\t<\/div>\n\t\t\t\t\t<\/div>\n\t\t<\/section>\n\t\t\t\t<section class=\"elementor-section elementor-top-section elementor-element elementor-element-3625475 elementor-section-boxed elementor-section-height-default elementor-section-height-default\" data-id=\"3625475\" data-element_type=\"section\" data-e-type=\"section\" data-settings=\"{&quot;background_background&quot;:&quot;classic&quot;}\">\n\t\t\t\t\t\t<div class=\"elementor-container elementor-column-gap-default\">\n\t\t\t\t\t<div class=\"elementor-column elementor-col-100 elementor-top-column elementor-element elementor-element-21f2c54\" data-id=\"21f2c54\" data-element_type=\"column\" data-e-type=\"column\">\n\t\t\t<div class=\"elementor-widget-wrap elementor-element-populated\">\n\t\t\t\t\t\t<div class=\"elementor-element elementor-element-6495451 elementor-widget elementor-widget-heading\" data-id=\"6495451\" data-element_type=\"widget\" data-e-type=\"widget\" data-widget_type=\"heading.default\">\n\t\t\t\t<div class=\"elementor-widget-container\">\n\t\t\t\t\t<h3 class=\"elementor-heading-title elementor-size-default\">Ejemplos de uso<\/h3>\t\t\t\t<\/div>\n\t\t\t\t<\/div>\n\t\t\t\t\t<\/div>\n\t\t<\/div>\n\t\t\t\t\t<\/div>\n\t\t<\/section>\n\t\t\t\t<section class=\"elementor-section elementor-top-section elementor-element elementor-element-a7daf19 elementor-section-boxed elementor-section-height-default elementor-section-height-default\" data-id=\"a7daf19\" data-element_type=\"section\" data-e-type=\"section\" data-settings=\"{&quot;background_background&quot;:&quot;classic&quot;}\">\n\t\t\t\t\t\t<div class=\"elementor-container elementor-column-gap-default\">\n\t\t\t\t\t<div class=\"elementor-column elementor-col-50 elementor-top-column elementor-element elementor-element-eabb56d\" data-id=\"eabb56d\" data-element_type=\"column\" data-e-type=\"column\">\n\t\t\t<div class=\"elementor-widget-wrap elementor-element-populated\">\n\t\t\t\t\t\t<div class=\"elementor-element elementor-element-b5bc724 elementor-widget elementor-widget-text-editor\" data-id=\"b5bc724\" data-element_type=\"widget\" data-e-type=\"widget\" data-widget_type=\"text-editor.default\">\n\t\t\t\t<div class=\"elementor-widget-container\">\n\t\t\t\t\t\t\t\t\t<p>Los drones tienen una multitud de posibles casos de uso en la gesti\u00f3n de emergencias en las distintas fases de preparaci\u00f3n, respuesta, recuperaci\u00f3n y mitigaci\u00f3n de desastres. A continuaci\u00f3n, se presenta un resumen de algunos casos de uso clave:<\/p><p><strong>Evaluaci\u00f3n r\u00e1pida y estimaci\u00f3n de da\u00f1os<\/strong><\/p><ul><li>Estudios a\u00e9reos de zonas afectadas por desastres para evaluar la magnitud de los da\u00f1os.<\/li><li>Evaluaci\u00f3n r\u00e1pida de infraestructura cr\u00edtica como carreteras, puentes y edificios.<\/li><li>Identificaci\u00f3n de peligros como carreteras bloqueadas, posibles deslizamientos de tierra o inundaciones.<\/li><\/ul><p><strong>B\u00fasqueda y rescate<\/strong><\/p><ul><li>B\u00fasqueda a\u00e9rea de personas desaparecidas o supervivientes en zonas de dif\u00edcil acceso o peligrosas.<\/li><li>Entrega de suministros, equipos m\u00e9dicos o dispositivos de comunicaci\u00f3n a los sobrevivientes.<\/li><\/ul><p><strong>Conciencia situacional y recopilaci\u00f3n de datos<\/strong><\/p><ul><li>Im\u00e1genes a\u00e9reas y transmisi\u00f3n de v\u00eddeo en tiempo real para proporcionar a los responsables de la toma de decisiones informaci\u00f3n actualizada.<\/li><li>Monitoreo de la progresi\u00f3n de desastres naturales como incendios forestales, huracanes e inundaciones.<\/li><li>Recopilaci\u00f3n de datos sobre las condiciones ambientales, temperatura, calidad del aire y niveles de radiaci\u00f3n.<\/li><\/ul>\t\t\t\t\t\t\t\t<\/div>\n\t\t\t\t<\/div>\n\t\t\t\t\t<\/div>\n\t\t<\/div>\n\t\t\t\t<div class=\"elementor-column elementor-col-50 elementor-top-column elementor-element elementor-element-01f4641\" data-id=\"01f4641\" data-element_type=\"column\" data-e-type=\"column\">\n\t\t\t<div class=\"elementor-widget-wrap elementor-element-populated\">\n\t\t\t\t\t\t<div class=\"elementor-element elementor-element-e2acbc8 elementor-widget elementor-widget-text-editor\" data-id=\"e2acbc8\" data-element_type=\"widget\" data-e-type=\"widget\" data-widget_type=\"text-editor.default\">\n\t\t\t\t<div class=\"elementor-widget-container\">\n\t\t\t\t\t\t\t\t\t<p><strong>Gesti\u00f3n de materiales peligrosos<\/strong><\/p><ul><li>Identificar y evaluar materiales peligrosos o fugas de productos qu\u00edmicos sin exponer al personal de respuesta a riesgos.<\/li><li>Monitoreo y mapeo de la dispersi\u00f3n de sustancias peligrosas.<\/li><\/ul><p><strong>Monitoreo ambiental<\/strong><\/p><ul><li>Monitoreo de cuerpos de agua y calidad del aire despu\u00e9s de un desastre para identificar fuentes de contaminaci\u00f3n.<\/li><li>Seguimiento del movimiento de derrames de petr\u00f3leo u otros contaminantes ambientales.<\/li><\/ul><p><strong>Inspecci\u00f3n de infraestructura<\/strong><\/p><ul><li>Inspeccionar infraestructura cr\u00edtica como l\u00edneas el\u00e9ctricas, tuber\u00edas y torres de comunicaci\u00f3n para detectar da\u00f1os.<\/li><li>Realizar evaluaciones posteriores al desastre para determinar la seguridad de los edificios antes de permitir el reingreso.<\/li><\/ul><p><strong>Cartograf\u00eda y sistemas de informaci\u00f3n geogr\u00e1fica<\/strong><\/p><ul><li>Creaci\u00f3n de mapas detallados de las zonas afectadas por desastres para una mejor planificaci\u00f3n y asignaci\u00f3n de recursos.<\/li><li>Integraci\u00f3n de datos generados por drones en sistemas SIG para una mejor conciencia de la situaci\u00f3n.<\/li><\/ul>\t\t\t\t\t\t\t\t<\/div>\n\t\t\t\t<\/div>\n\t\t\t\t\t<\/div>\n\t\t<\/div>\n\t\t\t\t\t<\/div>\n\t\t<\/section>\n\t\t\t\t<\/div>","protected":false},"excerpt":{"rendered":"<p>UAV Operations Program Overview In recent years, the integration of drones, also known as Uncrewed Aerial Vehicles (UAVs), has brought about a transformative shift in the field of emergency management. These innovative devices have emerged as indispensable tools for effectively addressing a wide range of emergency situations, from natural disasters to man-made crises. By virtue [&hellip;]<\/p>\n","protected":false},"author":14,"featured_media":0,"parent":0,"menu_order":0,"comment_status":"closed","ping_status":"closed","template":"elementor_header_footer","meta":{"footnotes":""},"class_list":["post-5432","page","type-page","status-publish","hentry","entry"],"yoast_head":"<!-- This site is optimized with the Yoast SEO plugin v27.0 - https:\/\/yoast.com\/product\/yoast-seo-wordpress\/ -->\n<title>UAV Operations - VC Emergency<\/title>\n<meta name=\"robots\" content=\"index, follow, max-snippet:-1, max-image-preview:large, max-video-preview:-1\" \/>\n<link rel=\"canonical\" href=\"https:\/\/emergency.venturacounty.gov\/es\/uav-operations\/\" \/>\n<meta property=\"og:locale\" content=\"es_MX\" \/>\n<meta property=\"og:type\" content=\"article\" \/>\n<meta property=\"og:title\" content=\"UAV Operations - VC Emergency\" \/>\n<meta property=\"og:description\" content=\"UAV Operations Program Overview In recent years, the integration of drones, also known as Uncrewed Aerial Vehicles (UAVs), has brought about a transformative shift in the field of emergency management. These innovative devices have emerged as indispensable tools for effectively addressing a wide range of emergency situations, from natural disasters to man-made crises. By virtue [&hellip;]\" \/>\n<meta property=\"og:url\" content=\"https:\/\/emergency.venturacounty.gov\/es\/uav-operations\/\" \/>\n<meta property=\"og:site_name\" content=\"VC Emergency\" \/>\n<meta property=\"article:modified_time\" content=\"2025-06-25T23:37:12+00:00\" \/>\n<meta property=\"og:image\" content=\"http:\/\/emergency.venturacounty.gov\/wp-content\/uploads\/2024\/12\/VC-Alert-Logo-2019-700x163-1-copy.png\" \/>\n<meta name=\"twitter:card\" content=\"summary_large_image\" \/>\n<meta name=\"twitter:label1\" content=\"Tiempo de lectura\" \/>\n\t<meta name=\"twitter:data1\" content=\"2 minutos\" \/>\n<script type=\"application\/ld+json\" class=\"yoast-schema-graph\">{\"@context\":\"https:\/\/schema.org\",\"@graph\":[{\"@type\":\"WebPage\",\"@id\":\"https:\/\/emergency.venturacounty.gov\/uav-operations\/\",\"url\":\"https:\/\/emergency.venturacounty.gov\/uav-operations\/\",\"name\":\"UAV Operations - VC Emergency\",\"isPartOf\":{\"@id\":\"https:\/\/emergency.venturacounty.gov\/#website\"},\"primaryImageOfPage\":{\"@id\":\"https:\/\/emergency.venturacounty.gov\/uav-operations\/#primaryimage\"},\"image\":{\"@id\":\"https:\/\/emergency.venturacounty.gov\/uav-operations\/#primaryimage\"},\"thumbnailUrl\":\"http:\/\/emergency.venturacounty.gov\/wp-content\/uploads\/2024\/12\/VC-Alert-Logo-2019-700x163-1-copy.png\",\"datePublished\":\"2023-09-01T16:10:12+00:00\",\"dateModified\":\"2025-06-25T23:37:12+00:00\",\"breadcrumb\":{\"@id\":\"https:\/\/emergency.venturacounty.gov\/uav-operations\/#breadcrumb\"},\"inLanguage\":\"es\",\"potentialAction\":[{\"@type\":\"ReadAction\",\"target\":[\"https:\/\/emergency.venturacounty.gov\/uav-operations\/\"]}]},{\"@type\":\"ImageObject\",\"inLanguage\":\"es\",\"@id\":\"https:\/\/emergency.venturacounty.gov\/uav-operations\/#primaryimage\",\"url\":\"http:\/\/emergency.venturacounty.gov\/wp-content\/uploads\/2024\/12\/VC-Alert-Logo-2019-700x163-1-copy.png\",\"contentUrl\":\"http:\/\/emergency.venturacounty.gov\/wp-content\/uploads\/2024\/12\/VC-Alert-Logo-2019-700x163-1-copy.png\"},{\"@type\":\"BreadcrumbList\",\"@id\":\"https:\/\/emergency.venturacounty.gov\/uav-operations\/#breadcrumb\",\"itemListElement\":[{\"@type\":\"ListItem\",\"position\":1,\"name\":\"Home\",\"item\":\"https:\/\/emergency.venturacounty.gov\/\"},{\"@type\":\"ListItem\",\"position\":2,\"name\":\"UAV Operations\"}]},{\"@type\":\"WebSite\",\"@id\":\"https:\/\/emergency.venturacounty.gov\/#website\",\"url\":\"https:\/\/emergency.venturacounty.gov\/\",\"name\":\"VC Emergency\",\"description\":\"Ventura County Emergency Information\",\"publisher\":{\"@id\":\"https:\/\/emergency.venturacounty.gov\/#organization\"},\"potentialAction\":[{\"@type\":\"SearchAction\",\"target\":{\"@type\":\"EntryPoint\",\"urlTemplate\":\"https:\/\/emergency.venturacounty.gov\/?s={search_term_string}\"},\"query-input\":{\"@type\":\"PropertyValueSpecification\",\"valueRequired\":true,\"valueName\":\"search_term_string\"}}],\"inLanguage\":\"es\"},{\"@type\":\"Organization\",\"@id\":\"https:\/\/emergency.venturacounty.gov\/#organization\",\"name\":\"VC Emergency\",\"url\":\"https:\/\/emergency.venturacounty.gov\/\",\"logo\":{\"@type\":\"ImageObject\",\"inLanguage\":\"es\",\"@id\":\"https:\/\/emergency.venturacounty.gov\/#\/schema\/logo\/image\/\",\"url\":\"https:\/\/emergency.venturacounty.gov\/wp-content\/uploads\/2020\/02\/VCEmergency_ForWebOnly3.png\",\"contentUrl\":\"https:\/\/emergency.venturacounty.gov\/wp-content\/uploads\/2020\/02\/VCEmergency_ForWebOnly3.png\",\"width\":2855,\"height\":310,\"caption\":\"VC Emergency\"},\"image\":{\"@id\":\"https:\/\/emergency.venturacounty.gov\/#\/schema\/logo\/image\/\"}}]}<\/script>\n<!-- \/ Yoast SEO plugin. -->","yoast_head_json":{"title":"Operaciones de UAV - Emergencia de VC","robots":{"index":"index","follow":"follow","max-snippet":"max-snippet:-1","max-image-preview":"max-image-preview:large","max-video-preview":"max-video-preview:-1"},"canonical":"https:\/\/emergency.venturacounty.gov\/es\/uav-operations\/","og_locale":"es_MX","og_type":"article","og_title":"UAV Operations - VC Emergency","og_description":"UAV Operations Program Overview In recent years, the integration of drones, also known as Uncrewed Aerial Vehicles (UAVs), has brought about a transformative shift in the field of emergency management. These innovative devices have emerged as indispensable tools for effectively addressing a wide range of emergency situations, from natural disasters to man-made crises. By virtue [&hellip;]","og_url":"https:\/\/emergency.venturacounty.gov\/es\/uav-operations\/","og_site_name":"VC Emergency","article_modified_time":"2025-06-25T23:37:12+00:00","og_image":[{"url":"http:\/\/emergency.venturacounty.gov\/wp-content\/uploads\/2024\/12\/VC-Alert-Logo-2019-700x163-1-copy.png","type":"","width":"","height":""}],"twitter_card":"summary_large_image","twitter_misc":{"Tiempo de lectura":"2 minutos"},"schema":{"@context":"https:\/\/schema.org","@graph":[{"@type":"WebPage","@id":"https:\/\/emergency.venturacounty.gov\/uav-operations\/","url":"https:\/\/emergency.venturacounty.gov\/uav-operations\/","name":"Operaciones de UAV - Emergencia de VC","isPartOf":{"@id":"https:\/\/emergency.venturacounty.gov\/#website"},"primaryImageOfPage":{"@id":"https:\/\/emergency.venturacounty.gov\/uav-operations\/#primaryimage"},"image":{"@id":"https:\/\/emergency.venturacounty.gov\/uav-operations\/#primaryimage"},"thumbnailUrl":"http:\/\/emergency.venturacounty.gov\/wp-content\/uploads\/2024\/12\/VC-Alert-Logo-2019-700x163-1-copy.png","datePublished":"2023-09-01T16:10:12+00:00","dateModified":"2025-06-25T23:37:12+00:00","breadcrumb":{"@id":"https:\/\/emergency.venturacounty.gov\/uav-operations\/#breadcrumb"},"inLanguage":"es","potentialAction":[{"@type":"ReadAction","target":["https:\/\/emergency.venturacounty.gov\/uav-operations\/"]}]},{"@type":"ImageObject","inLanguage":"es","@id":"https:\/\/emergency.venturacounty.gov\/uav-operations\/#primaryimage","url":"http:\/\/emergency.venturacounty.gov\/wp-content\/uploads\/2024\/12\/VC-Alert-Logo-2019-700x163-1-copy.png","contentUrl":"http:\/\/emergency.venturacounty.gov\/wp-content\/uploads\/2024\/12\/VC-Alert-Logo-2019-700x163-1-copy.png"},{"@type":"BreadcrumbList","@id":"https:\/\/emergency.venturacounty.gov\/uav-operations\/#breadcrumb","itemListElement":[{"@type":"ListItem","position":1,"name":"Home","item":"https:\/\/emergency.venturacounty.gov\/"},{"@type":"ListItem","position":2,"name":"UAV Operations"}]},{"@type":"WebSite","@id":"https:\/\/emergency.venturacounty.gov\/#website","url":"https:\/\/emergency.venturacounty.gov\/","name":"Emergencia de VC","description":"Informaci\u00f3n de emergencia del condado de Ventura","publisher":{"@id":"https:\/\/emergency.venturacounty.gov\/#organization"},"potentialAction":[{"@type":"SearchAction","target":{"@type":"EntryPoint","urlTemplate":"https:\/\/emergency.venturacounty.gov\/?s={search_term_string}"},"query-input":{"@type":"PropertyValueSpecification","valueRequired":true,"valueName":"search_term_string"}}],"inLanguage":"es"},{"@type":"Organization","@id":"https:\/\/emergency.venturacounty.gov\/#organization","name":"Emergencia de VC","url":"https:\/\/emergency.venturacounty.gov\/","logo":{"@type":"ImageObject","inLanguage":"es","@id":"https:\/\/emergency.venturacounty.gov\/#\/schema\/logo\/image\/","url":"https:\/\/emergency.venturacounty.gov\/wp-content\/uploads\/2020\/02\/VCEmergency_ForWebOnly3.png","contentUrl":"https:\/\/emergency.venturacounty.gov\/wp-content\/uploads\/2020\/02\/VCEmergency_ForWebOnly3.png","width":2855,"height":310,"caption":"VC Emergency"},"image":{"@id":"https:\/\/emergency.venturacounty.gov\/#\/schema\/logo\/image\/"}}]}},"_links":{"self":[{"href":"https:\/\/emergency.venturacounty.gov\/es\/wp-json\/wp\/v2\/pages\/5432","targetHints":{"allow":["GET"]}}],"collection":[{"href":"https:\/\/emergency.venturacounty.gov\/es\/wp-json\/wp\/v2\/pages"}],"about":[{"href":"https:\/\/emergency.venturacounty.gov\/es\/wp-json\/wp\/v2\/types\/page"}],"author":[{"embeddable":true,"href":"https:\/\/emergency.venturacounty.gov\/es\/wp-json\/wp\/v2\/users\/14"}],"replies":[{"embeddable":true,"href":"https:\/\/emergency.venturacounty.gov\/es\/wp-json\/wp\/v2\/comments?post=5432"}],"version-history":[{"count":0,"href":"https:\/\/emergency.venturacounty.gov\/es\/wp-json\/wp\/v2\/pages\/5432\/revisions"}],"wp:attachment":[{"href":"https:\/\/emergency.venturacounty.gov\/es\/wp-json\/wp\/v2\/media?parent=5432"}],"curies":[{"name":"gracias","href":"https:\/\/api.w.org\/{rel}","templated":true}]}}